{"id":121,"date":"2021-08-22T16:22:01","date_gmt":"2021-08-22T16:22:01","guid":{"rendered":"https:\/\/filaman.com\/web\/?page_id=121"},"modified":"2021-10-29T15:49:31","modified_gmt":"2021-10-29T15:49:31","slug":"afilado-alimentacion","status":"publish","type":"page","link":"https:\/\/filaman.com\/web\/servicios-y-sectores\/afilado-alimentacion\/","title":{"rendered":"Afilado alimentaci\u00f3n"},"content":{"rendered":"<p>[et_pb_section fb_built=\u00bb1&#8243; admin_label=\u00bbTitol\u00bb _builder_version=\u00bb4.10.5&#8243; _module_preset=\u00bbdefault\u00bb use_background_color_gradient=\u00bbon\u00bb background_color_gradient_start=\u00bb#920342&#8243; background_color_gradient_end=\u00bb#bb3f76&#8243; background_color_gradient_direction=\u00bb270deg\u00bb custom_padding=\u00bb0px||0px||false|false\u00bb global_module=\u00bb345&#8243; global_colors_info=\u00bb{}\u00bb][et_pb_row module_class=\u00bbrow-1700&#8243; _builder_version=\u00bb4.10.5&#8243; _module_preset=\u00bbdefault\u00bb custom_padding=\u00bb25px||15px||false|false\u00bb global_colors_info=\u00bb{}\u00bb][et_pb_column type=\u00bb4_4&#8243; _builder_version=\u00bb4.10.5&#8243; _module_preset=\u00bbdefault\u00bb global_colors_info=\u00bb{}\u00bb][et_pb_text _builder_version=\u00bb4.10.5&#8243; _dynamic_attributes=\u00bbcontent\u00bb _module_preset=\u00bbdefault\u00bb header_text_color=\u00bb#FFFFFF\u00bb global_colors_info=\u00bb{}\u00bb]@ET-DC@eyJkeW5hbWljIjp0cnVlLCJjb250ZW50IjoicG9zdF90aXRsZSIsInNldHRpbmdzIjp7ImJlZm9yZSI6IjxoMT4iLCJhZnRlciI6IjwvaDE+In19@[\/et_pb_text][\/et_pb_column][\/et_pb_row][\/et_pb_section][et_pb_section fb_built=\u00bb1&#8243; custom_padding_last_edited=\u00bbon|phone\u00bb _builder_version=\u00bb4.10.6&#8243; _module_preset=\u00bbdefault\u00bb custom_padding_tablet=\u00bb\u00bb custom_padding_phone=\u00bb40px||0px||false|false\u00bb global_colors_info=\u00bb{}\u00bb][et_pb_row custom_padding_last_edited=\u00bbon|tablet\u00bb _builder_version=\u00bb4.10.6&#8243; _module_preset=\u00bbdefault\u00bb custom_padding_tablet=\u00bb||1em||false|false\u00bb custom_padding_phone=\u00bb\u00bb global_colors_info=\u00bb{}\u00bb][et_pb_column type=\u00bb4_4&#8243; _builder_version=\u00bb4.10.6&#8243; _module_preset=\u00bbdefault\u00bb global_colors_info=\u00bb{}\u00bb][et_pb_text _builder_version=\u00bb4.10.6&#8243; _module_preset=\u00bbdefault\u00bb global_colors_info=\u00bb{}\u00bb]<\/p>\n<p>Nuestra experiencia, controles de calidad y log\u00edstica avalan nuestro servicio de afilado para la industria alimentaria y hosteler\u00eda.<\/p>\n<p>En Filaman hace m\u00e1s de tres d\u00e9cadas que nos dedicamos a afilar herramientas de corte manual o de corte mecanizado. Somos expertos en afilado, por eso hemos desarrollado nuevos servicios m\u00e1s flexibles en concordancia con las nuevas peticiones de mercado, una de ellas es la venta y afilado de objetos de corte para alimentaci\u00f3n, con un amplio abanico de posibilidades, damos servicio a:<\/p>\n<p>[\/et_pb_text][\/et_pb_column][\/et_pb_row][et_pb_row column_structure=\u00bb1_2,1_2&#8243; custom_padding_last_edited=\u00bbon|tablet\u00bb module_class=\u00bbinvertir-columnes\u00bb _builder_version=\u00bb4.10.6&#8243; _module_preset=\u00bbdefault\u00bb custom_padding_tablet=\u00bb0px||||false|false\u00bb custom_padding_phone=\u00bb\u00bb global_colors_info=\u00bb{}\u00bb][et_pb_column type=\u00bb1_2&#8243; _builder_version=\u00bb4.10.6&#8243; _module_preset=\u00bbdefault\u00bb custom_padding_tablet=\u00bb30px||||false|false\u00bb custom_padding_phone=\u00bb\u00bb custom_padding_last_edited=\u00bbon|tablet\u00bb global_colors_info=\u00bb{}\u00bb][et_pb_image src=\u00bbhttps:\/\/filaman.com\/web\/wp-content\/uploads\/2021\/09\/3.5-H1-AFILADO-ALIMENTACION-22.jpg\u00bb title_text=\u00bb3.5 H1 AFILADO ALIMENTACION 22&#8243; align=\u00bbcenter\u00bb _builder_version=\u00bb4.10.6&#8243; _module_preset=\u00bbdefault\u00bb global_colors_info=\u00bb{}\u00bb][\/et_pb_image][\/et_pb_column][et_pb_column type=\u00bb1_2&#8243; _builder_version=\u00bb4.10.6&#8243; _module_preset=\u00bbdefault\u00bb global_colors_info=\u00bb{}\u00bb][et_pb_text _builder_version=\u00bb4.10.6&#8243; _module_preset=\u00bbdefault\u00bb global_colors_info=\u00bb{}\u00bb]<\/p>\n<ul>\n<li>mataderos de aves, cun\u00edcolas, marinos, acu\u00edcolas<\/li>\n<li>mercados de abasto<\/li>\n<li>actividades agropecuarias<\/li>\n<li>carnicer\u00eda, pescader\u00eda, fruter\u00eda<\/li>\n<li>particulares, hosteler\u00eda, restauraci\u00f3n<\/li>\n<li>escuelas de hosteler\u00eda<\/li>\n<\/ul>\n<p>Nos encargamos de regenerar el filo de los objetos de corte para conseguir mayor seguridad en el trabajo y herramientas como nuevas:<\/p>\n<ol>\n<li>Cuchillos cocina<\/li>\n<li>Machetas cocina<\/li>\n<li>Tijeras<\/li>\n<li>Cuhillas y discos de corte<\/li>\n<\/ol>\n<p>[\/et_pb_text][\/et_pb_column][\/et_pb_row][et_pb_row column_structure=\u00bb1_2,1_2&#8243; custom_padding_last_edited=\u00bbon|phone\u00bb _builder_version=\u00bb4.10.6&#8243; _module_preset=\u00bbdefault\u00bb custom_margin_tablet=\u00bb\u00bb custom_margin_phone=\u00bb\u00bb custom_margin_last_edited=\u00bbon|desktop\u00bb custom_padding_tablet=\u00bb\u00bb custom_padding_phone=\u00bb\u00bb global_colors_info=\u00bb{}\u00bb][et_pb_column type=\u00bb1_2&#8243; _builder_version=\u00bb4.10.6&#8243; _module_preset=\u00bbdefault\u00bb global_colors_info=\u00bb{}\u00bb][et_pb_text _builder_version=\u00bb4.10.6&#8243; _module_preset=\u00bbdefault\u00bb global_colors_info=\u00bb{}\u00bb]Nuestro equipo te ofrece el asesoramiento necesario y la recogida de tus herramientas de forma directa. Si lo deseas, tambi\u00e9n recogemos y entregamos con las principales empresas de mensajer\u00eda y con plazos de entrega muy cortos (48\/72 horas).[\/et_pb_text][\/et_pb_column][et_pb_column type=\u00bb1_2&#8243; _builder_version=\u00bb4.10.6&#8243; _module_preset=\u00bbdefault\u00bb global_colors_info=\u00bb{}\u00bb][et_pb_image src=\u00bbhttps:\/\/filaman.com\/web\/wp-content\/uploads\/2021\/09\/3.5-H1-AFILADO-ALIMENTACION-1.jpg\u00bb title_text=\u00bb3.5 H1 AFILADO ALIMENTACION 1&#8243; align=\u00bbcenter\u00bb _builder_version=\u00bb4.10.6&#8243; _module_preset=\u00bbdefault\u00bb global_colors_info=\u00bb{}\u00bb][\/et_pb_image][\/et_pb_column][\/et_pb_row][et_pb_row custom_padding_last_edited=\u00bbon|phone\u00bb _builder_version=\u00bb4.10.6&#8243; _module_preset=\u00bbdefault\u00bb custom_padding=\u00bb||0px||false|false\u00bb custom_padding_tablet=\u00bb\u00bb custom_padding_phone=\u00bb0px||||false|false\u00bb global_colors_info=\u00bb{}\u00bb][et_pb_column type=\u00bb4_4&#8243; _builder_version=\u00bb4.10.6&#8243; _module_preset=\u00bbdefault\u00bb global_colors_info=\u00bb{}\u00bb][et_pb_text _builder_version=\u00bb4.10.6&#8243; _module_preset=\u00bbdefault\u00bb custom_margin=\u00bb||20px||false|false\u00bb global_colors_info=\u00bb{}\u00bb]<\/p>\n<h2>Nuestra garant\u00eda<\/h2>\n<p>[\/et_pb_text][\/et_pb_column][\/et_pb_row][et_pb_row column_structure=\u00bb1_2,1_2&#8243; custom_padding_last_edited=\u00bbon|tablet\u00bb _builder_version=\u00bb4.10.6&#8243; _module_preset=\u00bbdefault\u00bb custom_padding_tablet=\u00bb0px||||false|false\u00bb custom_padding_phone=\u00bb\u00bb global_colors_info=\u00bb{}\u00bb][et_pb_column type=\u00bb1_2&#8243; _builder_version=\u00bb4.10.6&#8243; _module_preset=\u00bbdefault\u00bb global_colors_info=\u00bb{}\u00bb][et_pb_text _builder_version=\u00bb4.10.6&#8243; _module_preset=\u00bbdefault\u00bb global_colors_info=\u00bb{}\u00bb]<\/p>\n<p>En Filaman tienes la opci\u00f3n de personalizar tus objetos de cocina con <strong>grabaci\u00f3n a l\u00e1ser<\/strong>. Puedes grabar cuchillos, machetas, tijeras, objetos de cocina en general con mango inox. u otros metales: batidoras de barillas, esp\u00e1tulas, espumaderas, pinceles, cortapizzas, peladores y un sinf\u00edn de productos.<\/p>\n<p>Contamos con una innovadora tecnolog\u00eda de grabado que nos permite marcar en cualquier material met\u00e1lico, desde textos alfanum\u00e9ricos, c\u00f3digos QR, fotograbado en metal, texto r\u00e1pido para identificaci\u00f3n y fechado, grabado con profundidad. <\/p>\n<p>Te ofrecemos informaci\u00f3n t\u00e9cnico-comercial y te ayudamos a elegir el tipo de producto y grabado adecuado a tus necesidades.<\/p>\n<p>[\/et_pb_text][\/et_pb_column][et_pb_column type=\u00bb1_2&#8243; _builder_version=\u00bb4.10.6&#8243; _module_preset=\u00bbdefault\u00bb global_colors_info=\u00bb{}\u00bb][et_pb_image src=\u00bbhttps:\/\/filaman.com\/web\/wp-content\/uploads\/2021\/09\/3.5.-H2-GRABADO-LASER-3.jpg\u00bb title_text=\u00bb3.5. H2 GRABADO LASER 3&#8243; align=\u00bbcenter\u00bb _builder_version=\u00bb4.10.6&#8243; _module_preset=\u00bbdefault\u00bb global_colors_info=\u00bb{}\u00bb][\/et_pb_image][\/et_pb_column][\/et_pb_row][\/et_pb_section]<\/p>\n","protected":false},"excerpt":{"rendered":"<p>Nuestra experiencia, controles de calidad y log\u00edstica avalan nuestro servicio de afilado para la industria alimentaria y hosteler\u00eda. En Filaman hace m\u00e1s de tres d\u00e9cadas que nos dedicamos a afilar herramientas de corte manual o de corte mecanizado. Somos expertos en afilado, por eso hemos desarrollado nuevos servicios m\u00e1s flexibles en concordancia con las nuevas [&hellip;]<\/p>\n","protected":false},"author":1,"featured_media":0,"parent":38,"menu_order":0,"comment_status":"closed","ping_status":"closed","template":"","meta":{"_et_pb_use_builder":"on","_et_pb_old_content":"","_et_gb_content_width":"","footnotes":""},"class_list":["post-121","page","type-page","status-publish","hentry"],"yoast_head":"<!-- This site is optimized with the Yoast SEO plugin v27.5 - https:\/\/yoast.com\/product\/yoast-seo-wordpress\/ -->\n<title>Servicio de afilado alimentaci\u00f3n y hosteler\u00eda | Filaman<\/title>\n<meta name=\"description\" content=\"En Filaman nos dedicamos a afilar herramientas de corte manual o mecanizado para el sector de la hosteler\u00eda y alimentaci\u00f3n.\" \/>\n<meta name=\"robots\" content=\"index, follow, max-snippet:-1, max-image-preview:large, max-video-preview:-1\" \/>\n<link rel=\"canonical\" href=\"https:\/\/filaman.com\/web\/servicios-y-sectores\/afilado-alimentacion\/\" \/>\n<meta property=\"og:locale\" content=\"es_ES\" \/>\n<meta property=\"og:type\" content=\"article\" \/>\n<meta property=\"og:title\" content=\"Servicio de afilado alimentaci\u00f3n y hosteler\u00eda | Filaman\" \/>\n<meta property=\"og:description\" content=\"En Filaman nos dedicamos a afilar herramientas de corte manual o mecanizado para el sector de la hosteler\u00eda y alimentaci\u00f3n.\" \/>\n<meta property=\"og:url\" content=\"https:\/\/filaman.com\/web\/servicios-y-sectores\/afilado-alimentacion\/\" \/>\n<meta property=\"og:site_name\" content=\"Filaman\" \/>\n<meta property=\"article:modified_time\" content=\"2021-10-29T15:49:31+00:00\" \/>\n<meta name=\"twitter:card\" content=\"summary_large_image\" \/>\n<meta name=\"twitter:label1\" content=\"Tiempo de lectura\" \/>\n\t<meta name=\"twitter:data1\" content=\"5 minutos\" \/>\n<script type=\"application\/ld+json\" class=\"yoast-schema-graph\">{\"@context\":\"https:\\\/\\\/schema.org\",\"@graph\":[{\"@type\":\"WebPage\",\"@id\":\"https:\\\/\\\/filaman.com\\\/web\\\/servicios-y-sectores\\\/afilado-alimentacion\\\/\",\"url\":\"https:\\\/\\\/filaman.com\\\/web\\\/servicios-y-sectores\\\/afilado-alimentacion\\\/\",\"name\":\"Servicio de afilado alimentaci\u00f3n y hosteler\u00eda | Filaman\",\"isPartOf\":{\"@id\":\"https:\\\/\\\/filaman.com\\\/web\\\/#website\"},\"datePublished\":\"2021-08-22T16:22:01+00:00\",\"dateModified\":\"2021-10-29T15:49:31+00:00\",\"description\":\"En Filaman nos dedicamos a afilar herramientas de corte manual o mecanizado para el sector de la hosteler\u00eda y alimentaci\u00f3n.\",\"breadcrumb\":{\"@id\":\"https:\\\/\\\/filaman.com\\\/web\\\/servicios-y-sectores\\\/afilado-alimentacion\\\/#breadcrumb\"},\"inLanguage\":\"es\",\"potentialAction\":[{\"@type\":\"ReadAction\",\"target\":[\"https:\\\/\\\/filaman.com\\\/web\\\/servicios-y-sectores\\\/afilado-alimentacion\\\/\"]}]},{\"@type\":\"BreadcrumbList\",\"@id\":\"https:\\\/\\\/filaman.com\\\/web\\\/servicios-y-sectores\\\/afilado-alimentacion\\\/#breadcrumb\",\"itemListElement\":[{\"@type\":\"ListItem\",\"position\":1,\"name\":\"Portada\",\"item\":\"https:\\\/\\\/filaman.com\\\/web\\\/\"},{\"@type\":\"ListItem\",\"position\":2,\"name\":\"Servicios y sectores\",\"item\":\"https:\\\/\\\/filaman.com\\\/web\\\/servicios-y-sectores\\\/\"},{\"@type\":\"ListItem\",\"position\":3,\"name\":\"Afilado alimentaci\u00f3n\"}]},{\"@type\":\"WebSite\",\"@id\":\"https:\\\/\\\/filaman.com\\\/web\\\/#website\",\"url\":\"https:\\\/\\\/filaman.com\\\/web\\\/\",\"name\":\"Filaman\",\"description\":\"\",\"publisher\":{\"@id\":\"https:\\\/\\\/filaman.com\\\/web\\\/#organization\"},\"potentialAction\":[{\"@type\":\"SearchAction\",\"target\":{\"@type\":\"EntryPoint\",\"urlTemplate\":\"https:\\\/\\\/filaman.com\\\/web\\\/?s={search_term_string}\"},\"query-input\":{\"@type\":\"PropertyValueSpecification\",\"valueRequired\":true,\"valueName\":\"search_term_string\"}}],\"inLanguage\":\"es\"},{\"@type\":\"Organization\",\"@id\":\"https:\\\/\\\/filaman.com\\\/web\\\/#organization\",\"name\":\"Filaman\",\"url\":\"https:\\\/\\\/filaman.com\\\/web\\\/\",\"logo\":{\"@type\":\"ImageObject\",\"inLanguage\":\"es\",\"@id\":\"https:\\\/\\\/filaman.com\\\/web\\\/#\\\/schema\\\/logo\\\/image\\\/\",\"url\":\"https:\\\/\\\/filaman.com\\\/web\\\/wp-content\\\/uploads\\\/2021\\\/08\\\/Group7.png\",\"contentUrl\":\"https:\\\/\\\/filaman.com\\\/web\\\/wp-content\\\/uploads\\\/2021\\\/08\\\/Group7.png\",\"width\":302,\"height\":71,\"caption\":\"Filaman\"},\"image\":{\"@id\":\"https:\\\/\\\/filaman.com\\\/web\\\/#\\\/schema\\\/logo\\\/image\\\/\"}}]}<\/script>\n<!-- \/ Yoast SEO plugin. -->","yoast_head_json":{"title":"Servicio de afilado alimentaci\u00f3n y hosteler\u00eda | Filaman","description":"En Filaman nos dedicamos a afilar herramientas de corte manual o mecanizado para el sector de la hosteler\u00eda y alimentaci\u00f3n.","robots":{"index":"index","follow":"follow","max-snippet":"max-snippet:-1","max-image-preview":"max-image-preview:large","max-video-preview":"max-video-preview:-1"},"canonical":"https:\/\/filaman.com\/web\/servicios-y-sectores\/afilado-alimentacion\/","og_locale":"es_ES","og_type":"article","og_title":"Servicio de afilado alimentaci\u00f3n y hosteler\u00eda | Filaman","og_description":"En Filaman nos dedicamos a afilar herramientas de corte manual o mecanizado para el sector de la hosteler\u00eda y alimentaci\u00f3n.","og_url":"https:\/\/filaman.com\/web\/servicios-y-sectores\/afilado-alimentacion\/","og_site_name":"Filaman","article_modified_time":"2021-10-29T15:49:31+00:00","twitter_card":"summary_large_image","twitter_misc":{"Tiempo de lectura":"5 minutos"},"schema":{"@context":"https:\/\/schema.org","@graph":[{"@type":"WebPage","@id":"https:\/\/filaman.com\/web\/servicios-y-sectores\/afilado-alimentacion\/","url":"https:\/\/filaman.com\/web\/servicios-y-sectores\/afilado-alimentacion\/","name":"Servicio de afilado alimentaci\u00f3n y hosteler\u00eda | Filaman","isPartOf":{"@id":"https:\/\/filaman.com\/web\/#website"},"datePublished":"2021-08-22T16:22:01+00:00","dateModified":"2021-10-29T15:49:31+00:00","description":"En Filaman nos dedicamos a afilar herramientas de corte manual o mecanizado para el sector de la hosteler\u00eda y alimentaci\u00f3n.","breadcrumb":{"@id":"https:\/\/filaman.com\/web\/servicios-y-sectores\/afilado-alimentacion\/#breadcrumb"},"inLanguage":"es","potentialAction":[{"@type":"ReadAction","target":["https:\/\/filaman.com\/web\/servicios-y-sectores\/afilado-alimentacion\/"]}]},{"@type":"BreadcrumbList","@id":"https:\/\/filaman.com\/web\/servicios-y-sectores\/afilado-alimentacion\/#breadcrumb","itemListElement":[{"@type":"ListItem","position":1,"name":"Portada","item":"https:\/\/filaman.com\/web\/"},{"@type":"ListItem","position":2,"name":"Servicios y sectores","item":"https:\/\/filaman.com\/web\/servicios-y-sectores\/"},{"@type":"ListItem","position":3,"name":"Afilado alimentaci\u00f3n"}]},{"@type":"WebSite","@id":"https:\/\/filaman.com\/web\/#website","url":"https:\/\/filaman.com\/web\/","name":"Filaman","description":"","publisher":{"@id":"https:\/\/filaman.com\/web\/#organization"},"potentialAction":[{"@type":"SearchAction","target":{"@type":"EntryPoint","urlTemplate":"https:\/\/filaman.com\/web\/?s={search_term_string}"},"query-input":{"@type":"PropertyValueSpecification","valueRequired":true,"valueName":"search_term_string"}}],"inLanguage":"es"},{"@type":"Organization","@id":"https:\/\/filaman.com\/web\/#organization","name":"Filaman","url":"https:\/\/filaman.com\/web\/","logo":{"@type":"ImageObject","inLanguage":"es","@id":"https:\/\/filaman.com\/web\/#\/schema\/logo\/image\/","url":"https:\/\/filaman.com\/web\/wp-content\/uploads\/2021\/08\/Group7.png","contentUrl":"https:\/\/filaman.com\/web\/wp-content\/uploads\/2021\/08\/Group7.png","width":302,"height":71,"caption":"Filaman"},"image":{"@id":"https:\/\/filaman.com\/web\/#\/schema\/logo\/image\/"}}]}},"_links":{"self":[{"href":"https:\/\/filaman.com\/web\/wp-json\/wp\/v2\/pages\/121","targetHints":{"allow":["GET"]}}],"collection":[{"href":"https:\/\/filaman.com\/web\/wp-json\/wp\/v2\/pages"}],"about":[{"href":"https:\/\/filaman.com\/web\/wp-json\/wp\/v2\/types\/page"}],"author":[{"embeddable":true,"href":"https:\/\/filaman.com\/web\/wp-json\/wp\/v2\/users\/1"}],"replies":[{"embeddable":true,"href":"https:\/\/filaman.com\/web\/wp-json\/wp\/v2\/comments?post=121"}],"version-history":[{"count":13,"href":"https:\/\/filaman.com\/web\/wp-json\/wp\/v2\/pages\/121\/revisions"}],"predecessor-version":[{"id":822,"href":"https:\/\/filaman.com\/web\/wp-json\/wp\/v2\/pages\/121\/revisions\/822"}],"up":[{"embeddable":true,"href":"https:\/\/filaman.com\/web\/wp-json\/wp\/v2\/pages\/38"}],"wp:attachment":[{"href":"https:\/\/filaman.com\/web\/wp-json\/wp\/v2\/media?parent=121"}],"curies":[{"name":"wp","href":"https:\/\/api.w.org\/{rel}","templated":true}]}}